{"id":215,"date":"2017-06-01T14:54:11","date_gmt":"2017-06-01T14:54:11","guid":{"rendered":"http:\/\/boncar.com.br\/site\/?page_id=215"},"modified":"2017-06-30T12:22:31","modified_gmt":"2017-06-30T12:22:31","slug":"sobre","status":"publish","type":"page","link":"https:\/\/boncar.com.br\/site\/sobre\/","title":{"rendered":"Sobre"},"content":{"rendered":"<p>[et_pb_section bb_built=&#8221;1&#8243; admin_label=&#8221;Se\u00e7\u00e3o&#8221; fullwidth=&#8221;off&#8221; specialty=&#8221;off&#8221; transparent_background=&#8221;off&#8221; background_image=&#8221;https:\/\/boncar.com.br\/site\/wp-content\/uploads\/2017\/05\/Auto_Powerful_cars_in_the_rain_096680_.jpg&#8221; allow_player_pause=&#8221;off&#8221; inner_shadow=&#8221;off&#8221; parallax=&#8221;on&#8221; parallax_method=&#8221;off&#8221; make_fullwidth=&#8221;off&#8221; use_custom_width=&#8221;off&#8221; width_unit=&#8221;on&#8221; make_equal=&#8221;off&#8221; use_custom_gutter=&#8221;off&#8221;][et_pb_row admin_label=&#8221;Linha&#8221;][et_pb_column type=&#8221;4_4&#8243;][et_pb_text admin_label=&#8221;Texto&#8221; background_layout=&#8221;dark&#8221; text_orientation=&#8221;left&#8221; use_border_color=&#8221;off&#8221; border_color=&#8221;#ffffff&#8221; border_style=&#8221;solid&#8221;]<\/p>\n<h2>Nossa Hist\u00f3ria<\/h2>\n<p>[\/et_pb_text][\/et_pb_column][\/et_pb_row][\/et_pb_section][et_pb_section bb_built=&#8221;1&#8243; admin_label=&#8221;Se\u00e7\u00e3o&#8221; fullwidth=&#8221;off&#8221; specialty=&#8221;off&#8221;][et_pb_row admin_label=&#8221;Linha&#8221;][et_pb_column type=&#8221;1_3&#8243;][\/et_pb_column][et_pb_column type=&#8221;2_3&#8243;][et_pb_image admin_label=&#8221;Imagem&#8221; src=&#8221;https:\/\/boncar.com.br\/site\/wp-content\/uploads\/2017\/06\/DSC05417-ok.jpg&#8221; show_in_lightbox=&#8221;off&#8221; url_new_window=&#8221;off&#8221; use_overlay=&#8221;off&#8221; sticky=&#8221;off&#8221; align=&#8221;left&#8221; always_center_on_mobile=&#8221;on&#8221; use_border_color=&#8221;off&#8221; border_color=&#8221;#ffffff&#8221; border_style=&#8221;solid&#8221; force_fullwidth=&#8221;off&#8221; animation=&#8221;left&#8221; \/][et_pb_text admin_label=&#8221;Texto&#8221; background_layout=&#8221;light&#8221; text_orientation=&#8221;left&#8221; use_border_color=&#8221;off&#8221; border_color=&#8221;#ffffff&#8221; border_style=&#8221;solid&#8221;]<\/p>\n<p>A Bon Car Borrachas e Auto Pe\u00e7as ltda, iniciou suas atividades no ano de 2001 na cidade de Araraquara interior de S\u00e3o Paulo.<br \/>\nHoje contamos com mais de 3000 itens em nosso cat\u00e1logo, onde mantemos estoque em \u00e1rea pr\u00f3pria de 300 metros quadrados, 3 ve\u00edculos para entregas, um quadro de 10 empregados internos e 30 pessoas atuando como colaboradoras no departamento de vendas.<\/p>\n<p>Atuamos somente na abordagem de vendas em estabelecimentos que aplicam as pe\u00e7as por n\u00f3s oferecidas, estes clientes s\u00e3o exigentes em contar com produtos que tenham qualidade para dar tranquilidade quanto aos servi\u00e7os por eles prestados, por isso fazemos quest\u00e3o de s\u00f3 trabalharmos com fornecedores que nos d\u00e3o condi\u00e7\u00f5es de repassarmos tal credibilidade.<\/p>\n<p>[\/et_pb_text][\/et_pb_column][\/et_pb_row][\/et_pb_section]<\/p>\n","protected":false},"excerpt":{"rendered":"<p>Nossa Hist\u00f3ria A Bon Car Borrachas e Auto Pe\u00e7as ltda, iniciou suas atividades no ano de 2001 na cidade de Araraquara interior de S\u00e3o Paulo. Hoje contamos com mais de 3000 itens em nosso cat\u00e1logo, onde mantemos estoque em \u00e1rea pr\u00f3pria de 300 metros quadrados, 3 ve\u00edculos para entregas, um quadro de 10 empregados internos [&hellip;]<\/p>\n","protected":false},"author":1,"featured_media":0,"parent":0,"menu_order":0,"comment_status":"closed","ping_status":"closed","template":"","meta":{"_et_pb_use_builder":"on","_et_pb_old_content":"","_et_gb_content_width":"","footnotes":""},"class_list":["post-215","page","type-page","status-publish","hentry"],"_links":{"self":[{"href":"https:\/\/boncar.com.br\/site\/wp-json\/wp\/v2\/pages\/215","targetHints":{"allow":["GET"]}}],"collection":[{"href":"https:\/\/boncar.com.br\/site\/wp-json\/wp\/v2\/pages"}],"about":[{"href":"https:\/\/boncar.com.br\/site\/wp-json\/wp\/v2\/types\/page"}],"author":[{"embeddable":true,"href":"https:\/\/boncar.com.br\/site\/wp-json\/wp\/v2\/users\/1"}],"replies":[{"embeddable":true,"href":"https:\/\/boncar.com.br\/site\/wp-json\/wp\/v2\/comments?post=215"}],"version-history":[{"count":7,"href":"https:\/\/boncar.com.br\/site\/wp-json\/wp\/v2\/pages\/215\/revisions"}],"predecessor-version":[{"id":219,"href":"https:\/\/boncar.com.br\/site\/wp-json\/wp\/v2\/pages\/215\/revisions\/219"}],"wp:attachment":[{"href":"https:\/\/boncar.com.br\/site\/wp-json\/wp\/v2\/media?parent=215"}],"curies":[{"name":"wp","href":"https:\/\/api.w.org\/{rel}","templated":true}]}}