{"id":2,"date":"2017-05-18T18:26:02","date_gmt":"2017-05-18T18:26:02","guid":{"rendered":"http:\/\/boncar.com.br\/site\/?page_id=2"},"modified":"2017-06-20T17:52:53","modified_gmt":"2017-06-20T17:52:53","slug":"sample-page","status":"publish","type":"page","link":"https:\/\/boncar.com.br\/site\/","title":{"rendered":"home"},"content":{"rendered":"<p>[et_pb_section bb_built=&#8221;1&#8243; admin_label=&#8221;Se\u00e7\u00e3o&#8221; fullwidth=&#8221;on&#8221; specialty=&#8221;off&#8221;][et_pb_fullwidth_slider admin_label=&#8221;Bot\u00e3o Deslizante de Largura Completa&#8221; show_arrows=&#8221;on&#8221; show_pagination=&#8221;on&#8221; background_position=&#8221;default&#8221; background_size=&#8221;default&#8221; remove_inner_shadow=&#8221;off&#8221; parallax=&#8221;off&#8221; parallax_method=&#8221;off&#8221; custom_button=&#8221;off&#8221; button_letter_spacing=&#8221;0&#8243; button_use_icon=&#8221;default&#8221; button_icon_placement=&#8221;right&#8221; button_on_hover=&#8221;on&#8221; button_letter_spacing_hover=&#8221;0&#8243; auto=&#8221;on&#8221; auto_ignore_hover=&#8221;on&#8221; hide_content_on_mobile=&#8221;off&#8221; hide_cta_on_mobile=&#8221;off&#8221; show_image_video_mobile=&#8221;off&#8221; top_padding=&#8221;350px&#8221; auto_speed=&#8221;3500&#8243;] [et_pb_slide allow_player_pause=&#8221;off&#8221; background_image=&#8221;https:\/\/boncar.com.br\/site\/wp-content\/uploads\/2017\/05\/121851-blurred-cars-city-city-lights-gt-r-night-time-nissan-nissan-gt-r-rear-view-cars.jpg&#8221; background_position=&#8221;default&#8221; background_size=&#8221;default&#8221; background_color=&#8221;#ffffff&#8221; use_bg_overlay=&#8221;off&#8221; use_text_overlay=&#8221;off&#8221; text_border_radius=&#8221;3&#8243; alignment=&#8221;bottom&#8221; background_layout=&#8221;dark&#8221; header_font_select=&#8221;default&#8221; header_font=&#8221;||||&#8221; body_font_select=&#8221;default&#8221; body_font=&#8221;||||&#8221; custom_button=&#8221;off&#8221; button_font_select=&#8221;default&#8221; button_font=&#8221;||||&#8221; button_use_icon=&#8221;default&#8221; button_icon_placement=&#8221;right&#8221; button_on_hover=&#8221;on&#8221; bg_overlay_color=&#8221;#e09900&#8243; body_text_color=&#8221;#e0e0e0&#8243; \/][et_pb_slide allow_player_pause=&#8221;off&#8221; background_image=&#8221;https:\/\/boncar.com.br\/site\/wp-content\/uploads\/2017\/05\/Auto_Powerful_cars_in_the_rain_096680_.jpg&#8221; background_position=&#8221;default&#8221; background_size=&#8221;default&#8221; background_color=&#8221;#ffffff&#8221; use_bg_overlay=&#8221;off&#8221; use_text_overlay=&#8221;off&#8221; text_border_radius=&#8221;3&#8243; alignment=&#8221;center&#8221; background_layout=&#8221;dark&#8221; header_font_select=&#8221;default&#8221; header_font=&#8221;||||&#8221; body_font_select=&#8221;default&#8221; body_font=&#8221;||||&#8221; custom_button=&#8221;off&#8221; button_font_select=&#8221;default&#8221; button_font=&#8221;||||&#8221; button_use_icon=&#8221;default&#8221; button_icon_placement=&#8221;right&#8221; button_on_hover=&#8221;on&#8221; \/][et_pb_slide allow_player_pause=&#8221;off&#8221; background_image=&#8221;https:\/\/boncar.com.br\/site\/wp-content\/uploads\/2017\/05\/Rainy-car-window-wallpaper-Photography-wallpapers-19179.jpg&#8221; background_position=&#8221;default&#8221; background_size=&#8221;default&#8221; background_color=&#8221;#ffffff&#8221; use_bg_overlay=&#8221;off&#8221; use_text_overlay=&#8221;off&#8221; text_border_radius=&#8221;3&#8243; alignment=&#8221;center&#8221; background_layout=&#8221;dark&#8221; header_font_select=&#8221;default&#8221; header_font=&#8221;||||&#8221; body_font_select=&#8221;default&#8221; body_font=&#8221;||||&#8221; custom_button=&#8221;off&#8221; button_font_select=&#8221;default&#8221; button_font=&#8221;||||&#8221; button_use_icon=&#8221;default&#8221; button_icon_placement=&#8221;right&#8221; button_on_hover=&#8221;on&#8221; \/] [\/et_pb_fullwidth_slider][\/et_pb_section][et_pb_section bb_built=&#8221;1&#8243; admin_label=&#8221;Se\u00e7\u00e3o&#8221; fullwidth=&#8221;off&#8221; specialty=&#8221;off&#8221;][et_pb_row admin_label=&#8221;Linha&#8221;][et_pb_column type=&#8221;4_4&#8243;][et_pb_divider admin_label=&#8221;Divisor&#8221; show_divider=&#8221;off&#8221; color=&#8221;#ffffff&#8221; divider_style=&#8221;solid&#8221; divider_position=&#8221;top&#8221; height=&#8221;10&#8243; hide_on_mobile=&#8221;on&#8221; \/][et_pb_text admin_label=&#8221;Texto&#8221; background_layout=&#8221;light&#8221; text_orientation=&#8221;left&#8221; use_border_color=&#8221;off&#8221; border_color=&#8221;#ffffff&#8221; border_style=&#8221;solid&#8221;]<\/p>\n<h3 class=\"title title--main\" style=\"text-align: center;\"><span style=\"color: #000000;\">Bon Car auto partes\u00a0a sua disposi\u00e7\u00e3o<\/span><\/h3>\n<p>&nbsp;<\/p>\n<p><img loading=\"lazy\" decoding=\"async\" class=\"size-full wp-image-125 aligncenter\" src=\"https:\/\/boncar.com.br\/site\/wp-content\/uploads\/2017\/05\/traco1.png\" alt=\"\" width=\"100\" height=\"4\" \/><\/p>\n<h3 class=\"text text--anons\" style=\"text-align: center;\"><\/h3>\n<h3 class=\"text text--anons\" style=\"text-align: center;\">Qualidade, rapidez, pre\u00e7o justo, tudo isso traduz o nosso principal objetivo: Credibilidade!<\/h3>\n<p>[\/et_pb_text][et_pb_divider admin_label=&#8221;Divisor&#8221; show_divider=&#8221;off&#8221; color=&#8221;#ffffff&#8221; divider_style=&#8221;solid&#8221; divider_position=&#8221;top&#8221; hide_on_mobile=&#8221;on&#8221; \/][\/et_pb_column][\/et_pb_row][\/et_pb_section][et_pb_section bb_built=&#8221;1&#8243; admin_label=&#8221;section&#8221; transparent_background=&#8221;off&#8221; allow_player_pause=&#8221;off&#8221; inner_shadow=&#8221;on&#8221; parallax=&#8221;on&#8221; parallax_method=&#8221;off&#8221; make_fullwidth=&#8221;off&#8221; use_custom_width=&#8221;off&#8221; width_unit=&#8221;on&#8221; make_equal=&#8221;off&#8221; use_custom_gutter=&#8221;off&#8221; module_id=&#8221;home&#8221; background_image=&#8221;https:\/\/boncar.com.br\/site\/wp-content\/uploads\/2017\/05\/bg.jpg&#8221;][et_pb_row admin_label=&#8221;Linha&#8221; allow_player_pause=&#8221;off&#8221; parallax=&#8221;off&#8221; parallax_method=&#8221;on&#8221; parallax_1=&#8221;off&#8221; parallax_method_1=&#8221;off&#8221; make_fullwidth=&#8221;off&#8221; use_custom_width=&#8221;off&#8221; width_unit=&#8221;off&#8221; use_custom_gutter=&#8221;off&#8221; make_equal=&#8221;off&#8221; background_image=&#8221;https:\/\/boncar.com.br\/site\/wp-content\/uploads\/2017\/05\/bg1-7.png&#8221; parallax_2=&#8221;off&#8221; parallax_method_2=&#8221;off&#8221; parallax_3=&#8221;off&#8221; parallax_method_3=&#8221;off&#8221; gutter_width=&#8221;4&#8243; custom_width_percent=&#8221;100%&#8221; padding_left_1=&#8221;35px&#8221; padding_right_3=&#8221;35px&#8221; module_id=&#8221;sobre&#8221;][et_pb_column type=&#8221;1_3&#8243;][et_pb_divider admin_label=&#8221;Divisor&#8221; show_divider=&#8221;off&#8221; color=&#8221;#ffffff&#8221; divider_style=&#8221;solid&#8221; divider_position=&#8221;top&#8221; hide_on_mobile=&#8221;on&#8221; height=&#8221;9&#8243; \/][et_pb_image admin_label=&#8221;Imagem&#8221; src=&#8221;https:\/\/boncar.com.br\/site\/wp-content\/uploads\/2017\/05\/block1-1-1.png&#8221; show_in_lightbox=&#8221;off&#8221; url_new_window=&#8221;off&#8221; use_overlay=&#8221;off&#8221; sticky=&#8221;off&#8221; align=&#8221;right&#8221; always_center_on_mobile=&#8221;on&#8221; use_border_color=&#8221;off&#8221; border_color=&#8221;#ffffff&#8221; border_style=&#8221;solid&#8221; force_fullwidth=&#8221;off&#8221; animation=&#8221;left&#8221; url=&#8221;https:\/\/boncar.com.br\/site\/lancamentos\/&#8221; \/][\/et_pb_column][et_pb_column type=&#8221;1_3&#8243;][et_pb_image admin_label=&#8221;Imagem&#8221; src=&#8221;https:\/\/boncar.com.br\/site\/wp-content\/uploads\/2017\/05\/block2-2-1-1.png&#8221; show_in_lightbox=&#8221;off&#8221; url_new_window=&#8221;off&#8221; use_overlay=&#8221;off&#8221; sticky=&#8221;off&#8221; align=&#8221;center&#8221; always_center_on_mobile=&#8221;on&#8221; use_border_color=&#8221;off&#8221; border_color=&#8221;#ffffff&#8221; border_style=&#8221;solid&#8221; force_fullwidth=&#8221;off&#8221; animation=&#8221;bottom&#8221; url=&#8221;https:\/\/boncar.com.br\/site\/ofertas-do-mes\/&#8221; \/][\/et_pb_column][et_pb_column type=&#8221;1_3&#8243;][et_pb_divider admin_label=&#8221;Divisor&#8221; show_divider=&#8221;off&#8221; color=&#8221;#ffffff&#8221; divider_style=&#8221;solid&#8221; divider_position=&#8221;top&#8221; hide_on_mobile=&#8221;on&#8221; height=&#8221;9&#8243; \/][et_pb_image admin_label=&#8221;Imagem&#8221; src=&#8221;https:\/\/boncar.com.br\/site\/wp-content\/uploads\/2017\/05\/block3-1-1-1.png&#8221; show_in_lightbox=&#8221;off&#8221; url_new_window=&#8221;off&#8221; use_overlay=&#8221;off&#8221; sticky=&#8221;off&#8221; align=&#8221;left&#8221; always_center_on_mobile=&#8221;on&#8221; use_border_color=&#8221;off&#8221; border_color=&#8221;#ffffff&#8221; border_style=&#8221;solid&#8221; force_fullwidth=&#8221;off&#8221; animation=&#8221;right&#8221; url=&#8221;https:\/\/boncar.com.br\/site\/destaques\/&#8221; \/][\/et_pb_column][\/et_pb_row][\/et_pb_section][et_pb_section bb_built=&#8221;1&#8243; admin_label=&#8221;Se\u00e7\u00e3o&#8221; fullwidth=&#8221;off&#8221; specialty=&#8221;off&#8221; transparent_background=&#8221;off&#8221; background_color=&#8221;#02cc8b&#8221; allow_player_pause=&#8221;off&#8221; inner_shadow=&#8221;off&#8221; parallax=&#8221;off&#8221; parallax_method=&#8221;on&#8221; make_fullwidth=&#8221;off&#8221; use_custom_width=&#8221;off&#8221; width_unit=&#8221;on&#8221; make_equal=&#8221;off&#8221; use_custom_gutter=&#8221;off&#8221;][et_pb_row admin_label=&#8221;Linha&#8221;][et_pb_column type=&#8221;4_4&#8243;][et_pb_divider admin_label=&#8221;Divisor&#8221; show_divider=&#8221;off&#8221; color=&#8221;#ffffff&#8221; divider_style=&#8221;solid&#8221; divider_position=&#8221;top&#8221; hide_on_mobile=&#8221;on&#8221; height=&#8221;15&#8243; \/][et_pb_text admin_label=&#8221;Texto&#8221; background_layout=&#8221;dark&#8221; text_orientation=&#8221;center&#8221; use_border_color=&#8221;off&#8221; border_color=&#8221;#ffffff&#8221; border_style=&#8221;solid&#8221;]<\/p>\n<h3>os pre\u00e7os mais baixos \u2022 as melhores pe\u00e7as\u00a0\u2022 profissionais qualificados<\/h3>\n<p>[\/et_pb_text][et_pb_divider admin_label=&#8221;Divisor&#8221; show_divider=&#8221;off&#8221; color=&#8221;#ffffff&#8221; divider_style=&#8221;solid&#8221; divider_position=&#8221;top&#8221; hide_on_mobile=&#8221;on&#8221; height=&#8221;15&#8243; \/][\/et_pb_column][\/et_pb_row][\/et_pb_section][et_pb_section bb_built=&#8221;1&#8243; admin_label=&#8221;Se\u00e7\u00e3o&#8221; fullwidth=&#8221;off&#8221; specialty=&#8221;off&#8221; transparent_background=&#8221;off&#8221; background_image=&#8221;https:\/\/boncar.com.br\/site\/wp-content\/uploads\/2017\/05\/bg.jpg&#8221; allow_player_pause=&#8221;off&#8221; inner_shadow=&#8221;on&#8221; parallax=&#8221;on&#8221; parallax_method=&#8221;off&#8221; make_fullwidth=&#8221;off&#8221; use_custom_width=&#8221;off&#8221; width_unit=&#8221;on&#8221; make_equal=&#8221;off&#8221; use_custom_gutter=&#8221;off&#8221; module_id=&#8221;localizacao&#8221;][et_pb_row admin_label=&#8221;Linha&#8221; allow_player_pause=&#8221;off&#8221; parallax=&#8221;off&#8221; parallax_method=&#8221;on&#8221; parallax_1=&#8221;off&#8221; parallax_method_1=&#8221;off&#8221; make_fullwidth=&#8221;off&#8221; use_custom_width=&#8221;off&#8221; width_unit=&#8221;on&#8221; use_custom_gutter=&#8221;off&#8221; make_equal=&#8221;off&#8221; module_id=&#8221;contato&#8221;][et_pb_column type=&#8221;4_4&#8243;][et_pb_divider admin_label=&#8221;Divisor&#8221; show_divider=&#8221;off&#8221; color=&#8221;#ffffff&#8221; divider_style=&#8221;solid&#8221; divider_position=&#8221;top&#8221; height=&#8221;15&#8243; hide_on_mobile=&#8221;on&#8221; \/][\/et_pb_column][\/et_pb_row][et_pb_row admin_label=&#8221;Linha&#8221;][et_pb_column type=&#8221;1_2&#8243;][et_pb_text admin_label=&#8221;Texto&#8221; background_layout=&#8221;dark&#8221; text_orientation=&#8221;center&#8221; use_border_color=&#8221;off&#8221; border_color=&#8221;#ffffff&#8221; border_style=&#8221;solid&#8221;]<\/p>\n<h3>Localiza\u00e7\u00e3o<\/h3>\n<h6>R. Dep. Emilio Carlos, 552 &#8211; Melhado<\/h6>\n<h6>Araraquara\/SP<\/h6>\n<p>[\/et_pb_text][et_pb_text admin_label=&#8221;Texto&#8221; background_layout=&#8221;light&#8221; text_orientation=&#8221;left&#8221; use_border_color=&#8221;off&#8221; border_color=&#8221;#ffffff&#8221; border_style=&#8221;solid&#8221;]<\/p>\n<p><iframe loading=\"lazy\" style=\"border: 0;\" src=\"https:\/\/www.google.com\/maps\/embed?pb=!1m18!1m12!1m3!1d3704.339791801362!2d-48.16787164899156!3d-21.805798504922947!2m3!1f0!2f0!3f0!3m2!1i1024!2i768!4f13.1!3m3!1m2!1s0x94b8f38c1bf3044b%3A0x1299212cf6a43933!2sR.+Dep.+Emilio+Carlos%2C+552+-+Vila+Melhado%2C+Araraquara+-+SP%2C+14807-020!5e0!3m2!1spt-BR!2sbr!4v1495218087434\" width=\"600\" height=\"300\" frameborder=\"0\" allowfullscreen=\"allowfullscreen\"><\/iframe><\/p>\n<p>[\/et_pb_text][\/et_pb_column][et_pb_column type=&#8221;1_2&#8243;][et_pb_text admin_label=&#8221;Texto&#8221; background_layout=&#8221;dark&#8221; text_orientation=&#8221;center&#8221; use_border_color=&#8221;off&#8221; border_color=&#8221;#ffffff&#8221; border_style=&#8221;solid&#8221;]<\/p>\n<h3>Contato<\/h3>\n<h6>Fone: (16) 3322.7909 &#8211; Cel \/ Whatsapp (16) 98129-5344<\/h6>\n<h6>contato@boncar.com.br<\/h6>\n<h6>Hor\u00e1rio de funcionamento<br \/>\nDe Segunda \u00e0 sexta<br \/>\ndas 9:00h as 18:00h<\/h6>\n<p>[\/et_pb_text][et_pb_contact_form admin_label=&#8221;Formul\u00e1rio de Contato&#8221; captcha=&#8221;off&#8221; use_redirect=&#8221;off&#8221; form_field_text_color=&#8221;#ffffff&#8221; input_border_radius=&#8221;0&#8243; use_border_color=&#8221;on&#8221; border_color=&#8221;#02cc8b&#8221; border_width=&#8221;3px&#8221; border_style=&#8221;solid&#8221; custom_button=&#8221;on&#8221; button_text_color=&#8221;#ffffff&#8221; button_border_width=&#8221;3&#8243; button_border_color=&#8221;#02cc8b&#8221; button_letter_spacing=&#8221;0&#8243; button_use_icon=&#8221;default&#8221; button_icon_placement=&#8221;right&#8221; button_on_hover=&#8221;on&#8221; button_letter_spacing_hover=&#8221;0&#8243; form_background_color=&#8221;rgba(255,255,255,0.32)&#8221; email=&#8221;contato@boncar.com.br&#8221;] [et_pb_contact_field field_title=&#8221;Nome&#8221; field_type=&#8221;input&#8221; field_id=&#8221;Name&#8221; required_mark=&#8221;on&#8221; fullwidth_field=&#8221;off&#8221; \/][et_pb_contact_field field_title=&#8221;E-mail&#8221; field_type=&#8221;email&#8221; field_id=&#8221;Email&#8221; required_mark=&#8221;on&#8221; fullwidth_field=&#8221;off&#8221; \/][et_pb_contact_field field_title=&#8221;Mensagem&#8221; field_type=&#8221;text&#8221; field_id=&#8221;Message&#8221; required_mark=&#8221;on&#8221; fullwidth_field=&#8221;on&#8221; \/] [\/et_pb_contact_form][\/et_pb_column][\/et_pb_row][et_pb_row admin_label=&#8221;Linha&#8221;][et_pb_column type=&#8221;4_4&#8243;][et_pb_divider admin_label=&#8221;Divisor&#8221; show_divider=&#8221;off&#8221; color=&#8221;#ffffff&#8221; divider_style=&#8221;solid&#8221; divider_position=&#8221;top&#8221; height=&#8221;15&#8243; hide_on_mobile=&#8221;on&#8221; \/][\/et_pb_column][\/et_pb_row][\/et_pb_section]<\/p>\n","protected":false},"excerpt":{"rendered":"<p>Bon Car auto partes\u00a0a sua disposi\u00e7\u00e3o &nbsp; Qualidade, rapidez, pre\u00e7o justo, tudo isso traduz o nosso principal objetivo: Credibilidade! os pre\u00e7os mais baixos \u2022 as melhores pe\u00e7as\u00a0\u2022 profissionais qualificados Localiza\u00e7\u00e3o R. Dep. Emilio Carlos, 552 &#8211; Melhado Araraquara\/SP Contato Fone: (16) 3322.7909 &#8211; Cel \/ Whatsapp (16) 98129-5344 contato@boncar.com.br Hor\u00e1rio de funcionamento De Segunda \u00e0 [&hellip;]<\/p>\n","protected":false},"author":1,"featured_media":0,"parent":0,"menu_order":0,"comment_status":"closed","ping_status":"closed","template":"","meta":{"_et_pb_use_builder":"on","_et_pb_old_content":"<p>This is an example page. It's different from a blog post because it will stay in one place and will show up in your site navigation (in most themes). Most people start with an About page that introduces them to potential site visitors. It might say something like this:<\/p><blockquote><p>Hi there! I'm a bike messenger by day, aspiring actor by night, and this is my website. I live in Los Angeles, have a great dog named Jack, and I like pi\u00f1a coladas. (And gettin' caught in the rain.)<\/p><\/blockquote><p>...or something like this:<\/p><blockquote><p>The XYZ Doohickey Company was founded in 1971, and has been providing quality doohickeys to the public ever since. Located in Gotham City, XYZ employs over 2,000 people and does all kinds of awesome things for the Gotham community.<\/p><\/blockquote><p>As a new WordPress user, you should go to <a href=\"https:\/\/boncar.com.br\/site\/wp-admin\/\">your dashboard<\/a> to delete this page and create new pages for your content. Have fun!<\/p>","_et_gb_content_width":"","footnotes":""},"class_list":["post-2","page","type-page","status-publish","hentry"],"_links":{"self":[{"href":"https:\/\/boncar.com.br\/site\/wp-json\/wp\/v2\/pages\/2","targetHints":{"allow":["GET"]}}],"collection":[{"href":"https:\/\/boncar.com.br\/site\/wp-json\/wp\/v2\/pages"}],"about":[{"href":"https:\/\/boncar.com.br\/site\/wp-json\/wp\/v2\/types\/page"}],"author":[{"embeddable":true,"href":"https:\/\/boncar.com.br\/site\/wp-json\/wp\/v2\/users\/1"}],"replies":[{"embeddable":true,"href":"https:\/\/boncar.com.br\/site\/wp-json\/wp\/v2\/comments?post=2"}],"version-history":[{"count":106,"href":"https:\/\/boncar.com.br\/site\/wp-json\/wp\/v2\/pages\/2\/revisions"}],"predecessor-version":[{"id":283,"href":"https:\/\/boncar.com.br\/site\/wp-json\/wp\/v2\/pages\/2\/revisions\/283"}],"wp:attachment":[{"href":"https:\/\/boncar.com.br\/site\/wp-json\/wp\/v2\/media?parent=2"}],"curies":[{"name":"wp","href":"https:\/\/api.w.org\/{rel}","templated":true}]}}